{"id":873,"date":"2025-05-22T11:31:56","date_gmt":"2025-05-22T11:31:56","guid":{"rendered":"https:\/\/colimbo.com\/?post_type=product&#038;p=873"},"modified":"2025-10-29T08:27:14","modified_gmt":"2025-10-29T08:27:14","slug":"motor-honda-marine-bf-100l","status":"publish","type":"product","link":"https:\/\/colimbo.com\/eu\/produktua\/motor-honda-marine-bf-100l\/","title":{"rendered":"Motor Honda Marine BF 100L"},"content":{"rendered":"<p><strong>Tipo:\u00a0<\/strong>Motor fueraborda \u00a0tiempos.<br \/>\n<strong>Potencia: <\/strong>\u00a0100 CV<br \/>\n<strong>Peso: <\/strong>166<strong>\u00a0<\/strong>kg el mas ligero de su categoria<br \/>\n<strong>Cola:<\/strong> Larga<br \/>\n<strong>Control:<\/strong> Control remoto<\/p>\n<p>Motor fueraborda Honda BF 100 de 4 cilindros. Con tecnolog\u00eda de carreras VTEC\u2122 que proporciona m\u00e1s potencia, par y eficiencia a cualquier velocidad. \u00a0Tecnolog\u00eda de Honda y caja de cambios hidrodin\u00e1mica de dise\u00f1o exclusivo y de alto rendimiento. Con protecci\u00f3n contra corrosi\u00f3n. Con control remoto incluido, h\u00e9lice, tacometro digital con velocidad GPS y conexi\u00f3n NMA2000. Transporte Barcelona a Gernika incluido. UNIDAD EN STOCK. ENTREGA INMEDIATA.<\/p>\n<p>PRECIO IVA INCLUIDO<\/p>\n<p>.<\/p>","protected":false},"excerpt":{"rendered":"<p>Precio con mando lateral, reloj digital con velocidad GPS y helice.<\/p>","protected":false},"featured_media":874,"comment_status":"open","ping_status":"closed","template":"","meta":[],"product_brand":[],"product_cat":[21,24,23],"product_tag":[],"class_list":{"0":"post-873","1":"product","2":"type-product","3":"status-publish","4":"has-post-thumbnail","6":"product_cat-ocasion","7":"product_cat-ofertas","8":"product_cat-stock","10":"first","11":"instock","12":"sale","13":"shipping-taxable","14":"purchasable","15":"product-type-simple"},"yoast_head":"<!-- This site is optimized with the Yoast SEO plugin v27.5 - https:\/\/yoast.com\/product\/yoast-seo-wordpress\/ -->\n<title>Motor Honda Marine BF 100L - Nautica COLIMBO<\/title>\n<meta name=\"robots\" content=\"index, follow, max-snippet:-1, max-image-preview:large, max-video-preview:-1\" \/>\n<link rel=\"canonical\" href=\"https:\/\/colimbo.com\/eu\/produktua\/motor-honda-marine-bf-100l\/\" \/>\n<meta property=\"og:locale\" content=\"en_US\" \/>\n<meta property=\"og:type\" content=\"article\" \/>\n<meta property=\"og:title\" content=\"Motor Honda Marine BF 100L - Nautica COLIMBO\" \/>\n<meta property=\"og:description\" content=\"Precio con mando lateral, reloj digital con velocidad GPS y helice.\" \/>\n<meta property=\"og:url\" content=\"https:\/\/colimbo.com\/eu\/produktua\/motor-honda-marine-bf-100l\/\" \/>\n<meta property=\"og:site_name\" content=\"Nautica COLIMBO\" \/>\n<meta property=\"article:modified_time\" content=\"2025-10-29T08:27:14+00:00\" \/>\n<meta property=\"og:image\" content=\"https:\/\/colimbo.com\/wp-content\/uploads\/2025\/05\/fueraborda-bf-100-vtec-1.jpg\" \/>\n\t<meta property=\"og:image:width\" content=\"500\" \/>\n\t<meta property=\"og:image:height\" content=\"500\" \/>\n\t<meta property=\"og:image:type\" content=\"image\/jpeg\" \/>\n<meta name=\"twitter:card\" content=\"summary_large_image\" \/>\n<meta name=\"twitter:label1\" content=\"Est. reading time\" \/>\n\t<meta name=\"twitter:data1\" content=\"1 minutua\" \/>\n<script type=\"application\/ld+json\" class=\"yoast-schema-graph\">{\"@context\":\"https:\\\/\\\/schema.org\",\"@graph\":[{\"@type\":\"WebPage\",\"@id\":\"https:\\\/\\\/colimbo.com\\\/producto\\\/motor-honda-marine-bf-100l\\\/\",\"url\":\"https:\\\/\\\/colimbo.com\\\/producto\\\/motor-honda-marine-bf-100l\\\/\",\"name\":\"Motor Honda Marine BF 100L - Nautica COLIMBO\",\"isPartOf\":{\"@id\":\"https:\\\/\\\/colimbo.com\\\/#website\"},\"primaryImageOfPage\":{\"@id\":\"https:\\\/\\\/colimbo.com\\\/producto\\\/motor-honda-marine-bf-100l\\\/#primaryimage\"},\"image\":{\"@id\":\"https:\\\/\\\/colimbo.com\\\/producto\\\/motor-honda-marine-bf-100l\\\/#primaryimage\"},\"thumbnailUrl\":\"https:\\\/\\\/colimbo.com\\\/wp-content\\\/uploads\\\/2025\\\/05\\\/fueraborda-bf-100-vtec-1.jpg\",\"datePublished\":\"2025-05-22T11:31:56+00:00\",\"dateModified\":\"2025-10-29T08:27:14+00:00\",\"breadcrumb\":{\"@id\":\"https:\\\/\\\/colimbo.com\\\/producto\\\/motor-honda-marine-bf-100l\\\/#breadcrumb\"},\"inLanguage\":\"eu\",\"potentialAction\":[{\"@type\":\"ReadAction\",\"target\":[\"https:\\\/\\\/colimbo.com\\\/producto\\\/motor-honda-marine-bf-100l\\\/\"]}]},{\"@type\":\"ImageObject\",\"inLanguage\":\"eu\",\"@id\":\"https:\\\/\\\/colimbo.com\\\/producto\\\/motor-honda-marine-bf-100l\\\/#primaryimage\",\"url\":\"https:\\\/\\\/colimbo.com\\\/wp-content\\\/uploads\\\/2025\\\/05\\\/fueraborda-bf-100-vtec-1.jpg\",\"contentUrl\":\"https:\\\/\\\/colimbo.com\\\/wp-content\\\/uploads\\\/2025\\\/05\\\/fueraborda-bf-100-vtec-1.jpg\",\"width\":500,\"height\":500},{\"@type\":\"BreadcrumbList\",\"@id\":\"https:\\\/\\\/colimbo.com\\\/producto\\\/motor-honda-marine-bf-100l\\\/#breadcrumb\",\"itemListElement\":[{\"@type\":\"ListItem\",\"position\":1,\"name\":\"Portada\",\"item\":\"https:\\\/\\\/colimbo.com\\\/\"},{\"@type\":\"ListItem\",\"position\":2,\"name\":\"Tienda\",\"item\":\"https:\\\/\\\/colimbo.com\\\/tienda\\\/\"},{\"@type\":\"ListItem\",\"position\":3,\"name\":\"Motor Honda Marine BF 100L\"}]},{\"@type\":\"WebSite\",\"@id\":\"https:\\\/\\\/colimbo.com\\\/#website\",\"url\":\"https:\\\/\\\/colimbo.com\\\/\",\"name\":\"Nautica COLIMBO\",\"description\":\"\",\"publisher\":{\"@id\":\"https:\\\/\\\/colimbo.com\\\/#organization\"},\"potentialAction\":[{\"@type\":\"SearchAction\",\"target\":{\"@type\":\"EntryPoint\",\"urlTemplate\":\"https:\\\/\\\/colimbo.com\\\/?s={search_term_string}\"},\"query-input\":{\"@type\":\"PropertyValueSpecification\",\"valueRequired\":true,\"valueName\":\"search_term_string\"}}],\"inLanguage\":\"eu\"},{\"@type\":\"Organization\",\"@id\":\"https:\\\/\\\/colimbo.com\\\/#organization\",\"name\":\"Nautica COLIMBO\",\"url\":\"https:\\\/\\\/colimbo.com\\\/\",\"logo\":{\"@type\":\"ImageObject\",\"inLanguage\":\"eu\",\"@id\":\"https:\\\/\\\/colimbo.com\\\/#\\\/schema\\\/logo\\\/image\\\/\",\"url\":\"https:\\\/\\\/colimbo.com\\\/wp-content\\\/uploads\\\/2024\\\/10\\\/cropped-Colimbo-03.png\",\"contentUrl\":\"https:\\\/\\\/colimbo.com\\\/wp-content\\\/uploads\\\/2024\\\/10\\\/cropped-Colimbo-03.png\",\"width\":1866,\"height\":413,\"caption\":\"Nautica COLIMBO\"},\"image\":{\"@id\":\"https:\\\/\\\/colimbo.com\\\/#\\\/schema\\\/logo\\\/image\\\/\"}}]}<\/script>\n<!-- \/ Yoast SEO plugin. -->","yoast_head_json":{"title":"Motor Honda Marine BF 100L - Nautica COLIMBO","robots":{"index":"index","follow":"follow","max-snippet":"max-snippet:-1","max-image-preview":"max-image-preview:large","max-video-preview":"max-video-preview:-1"},"canonical":"https:\/\/colimbo.com\/eu\/produktua\/motor-honda-marine-bf-100l\/","og_locale":"en_US","og_type":"article","og_title":"Motor Honda Marine BF 100L - Nautica COLIMBO","og_description":"Precio con mando lateral, reloj digital con velocidad GPS y helice.","og_url":"https:\/\/colimbo.com\/eu\/produktua\/motor-honda-marine-bf-100l\/","og_site_name":"Nautica COLIMBO","article_modified_time":"2025-10-29T08:27:14+00:00","og_image":[{"width":500,"height":500,"url":"https:\/\/colimbo.com\/wp-content\/uploads\/2025\/05\/fueraborda-bf-100-vtec-1.jpg","type":"image\/jpeg"}],"twitter_card":"summary_large_image","twitter_misc":{"Est. reading time":"1 minutua"},"schema":{"@context":"https:\/\/schema.org","@graph":[{"@type":"WebPage","@id":"https:\/\/colimbo.com\/producto\/motor-honda-marine-bf-100l\/","url":"https:\/\/colimbo.com\/producto\/motor-honda-marine-bf-100l\/","name":"Motor Honda Marine BF 100L - Nautica COLIMBO","isPartOf":{"@id":"https:\/\/colimbo.com\/#website"},"primaryImageOfPage":{"@id":"https:\/\/colimbo.com\/producto\/motor-honda-marine-bf-100l\/#primaryimage"},"image":{"@id":"https:\/\/colimbo.com\/producto\/motor-honda-marine-bf-100l\/#primaryimage"},"thumbnailUrl":"https:\/\/colimbo.com\/wp-content\/uploads\/2025\/05\/fueraborda-bf-100-vtec-1.jpg","datePublished":"2025-05-22T11:31:56+00:00","dateModified":"2025-10-29T08:27:14+00:00","breadcrumb":{"@id":"https:\/\/colimbo.com\/producto\/motor-honda-marine-bf-100l\/#breadcrumb"},"inLanguage":"eu","potentialAction":[{"@type":"ReadAction","target":["https:\/\/colimbo.com\/producto\/motor-honda-marine-bf-100l\/"]}]},{"@type":"ImageObject","inLanguage":"eu","@id":"https:\/\/colimbo.com\/producto\/motor-honda-marine-bf-100l\/#primaryimage","url":"https:\/\/colimbo.com\/wp-content\/uploads\/2025\/05\/fueraborda-bf-100-vtec-1.jpg","contentUrl":"https:\/\/colimbo.com\/wp-content\/uploads\/2025\/05\/fueraborda-bf-100-vtec-1.jpg","width":500,"height":500},{"@type":"BreadcrumbList","@id":"https:\/\/colimbo.com\/producto\/motor-honda-marine-bf-100l\/#breadcrumb","itemListElement":[{"@type":"ListItem","position":1,"name":"Portada","item":"https:\/\/colimbo.com\/"},{"@type":"ListItem","position":2,"name":"Tienda","item":"https:\/\/colimbo.com\/tienda\/"},{"@type":"ListItem","position":3,"name":"Motor Honda Marine BF 100L"}]},{"@type":"WebSite","@id":"https:\/\/colimbo.com\/#website","url":"https:\/\/colimbo.com\/","name":"Nautica COLIMBO","description":"","publisher":{"@id":"https:\/\/colimbo.com\/#organization"},"potentialAction":[{"@type":"SearchAction","target":{"@type":"EntryPoint","urlTemplate":"https:\/\/colimbo.com\/?s={search_term_string}"},"query-input":{"@type":"PropertyValueSpecification","valueRequired":true,"valueName":"search_term_string"}}],"inLanguage":"eu"},{"@type":"Organization","@id":"https:\/\/colimbo.com\/#organization","name":"Nautica COLIMBO","url":"https:\/\/colimbo.com\/","logo":{"@type":"ImageObject","inLanguage":"eu","@id":"https:\/\/colimbo.com\/#\/schema\/logo\/image\/","url":"https:\/\/colimbo.com\/wp-content\/uploads\/2024\/10\/cropped-Colimbo-03.png","contentUrl":"https:\/\/colimbo.com\/wp-content\/uploads\/2024\/10\/cropped-Colimbo-03.png","width":1866,"height":413,"caption":"Nautica COLIMBO"},"image":{"@id":"https:\/\/colimbo.com\/#\/schema\/logo\/image\/"}}]}},"_links":{"self":[{"href":"https:\/\/colimbo.com\/eu\/wp-json\/wp\/v2\/product\/873","targetHints":{"allow":["GET"]}}],"collection":[{"href":"https:\/\/colimbo.com\/eu\/wp-json\/wp\/v2\/product"}],"about":[{"href":"https:\/\/colimbo.com\/eu\/wp-json\/wp\/v2\/types\/product"}],"replies":[{"embeddable":true,"href":"https:\/\/colimbo.com\/eu\/wp-json\/wp\/v2\/comments?post=873"}],"wp:featuredmedia":[{"embeddable":true,"href":"https:\/\/colimbo.com\/eu\/wp-json\/wp\/v2\/media\/874"}],"wp:attachment":[{"href":"https:\/\/colimbo.com\/eu\/wp-json\/wp\/v2\/media?parent=873"}],"wp:term":[{"taxonomy":"product_brand","embeddable":true,"href":"https:\/\/colimbo.com\/eu\/wp-json\/wp\/v2\/product_brand?post=873"},{"taxonomy":"product_cat","embeddable":true,"href":"https:\/\/colimbo.com\/eu\/wp-json\/wp\/v2\/product_cat?post=873"},{"taxonomy":"product_tag","embeddable":true,"href":"https:\/\/colimbo.com\/eu\/wp-json\/wp\/v2\/product_tag?post=873"}],"curies":[{"name":"wp","href":"https:\/\/api.w.org\/{rel}","templated":true}]}}