{"id":434,"date":"2024-10-16T14:39:04","date_gmt":"2024-10-16T14:39:04","guid":{"rendered":"https:\/\/colimbo.rkinformatika.online\/?post_type=product&#038;p=434"},"modified":"2025-10-29T08:51:06","modified_gmt":"2025-10-29T08:51:06","slug":"san-remo-750-fisher-pro","status":"publish","type":"product","link":"https:\/\/colimbo.com\/eu\/produktua\/san-remo-750-fisher-pro\/","title":{"rendered":"San Remo 750 Fisher Pro"},"content":{"rendered":"<p><strong>Eslora<\/strong>: 7,49mts<br \/>\n<strong>Manga<\/strong>: 2,75 mts<br \/>\n<strong>Calado<\/strong>: 0,48 mts<br \/>\n<strong>Peso<\/strong>: 1690 kgs<br \/>\n<strong>Camas<\/strong>: 2\/3<br \/>\n<strong>Motor. Min-Max<\/strong>: 100 hp \u2013 350 hp<br \/>\n<strong>Dep. \u00c0gua<\/strong>: 80 lts Opc.<br \/>\n<strong>Dep. Combustible<\/strong>: 140 lts<br \/>\n<strong>Cat. Homologaci\u00f3n<\/strong>: C\/B(8)<br \/>\n<strong>Titulaci\u00f3n<\/strong>: PNB<\/p>\n<p><strong>INSUMERGIBLE<\/strong><\/p>","protected":false},"excerpt":{"rendered":"<div>\n<h3>Iva y transporte no incluido<\/h3>\n<h3>Equipamiento de serie<\/h3>\n<p>Botal\u00f3n de proa con roldana guiacabos<br \/>\nCornamusas inox reforzadas<br \/>\nEscotilla regulable en cabina<br \/>\nPasillo Walkaround (pasillo transitable alrededor de la cabina)<br \/>\nComp\u00e1s<br \/>\nGuanteras doble laterales<br \/>\nAsiento piloto<br \/>\nBa\u00f1era autovaciante<br \/>\nRegalas en nylon c\/ portaca\u00f1as y defensa acolchada<br \/>\nBomba de achique manual y autom\u00e1tica<br \/>\nTanque combustible 140 lts<br \/>\nLuces de navegaci\u00f3n, fondeo y cabina<br \/>\nEscalera de ba\u00f1o<br \/>\nCancamo de proa y dos de popa.<\/p>\n<\/div>\n<div>\n<h3>Equipamiento opcional<\/h3>\n<p>Equipamiento opcional<br \/>\nPuerta de cabina.<br \/>\nMesa cabina ba\u00f1era.<br \/>\nDucha de agua dulce.<br \/>\nCortinas interiores.<br \/>\nIluminacion Led.<br \/>\nVolante en madera<br \/>\nAcabado en madera de roble.<br \/>\nAsiento vivero en popa.<br \/>\nBanco lateral de cabina en roble.<br \/>\nEtc\u2026\u2026.<\/p>\n<p>POSIBILIDAD DE PONER LO QUE QUIERA EL CLIENTE POR NO SER UNA PRODUCCI\u00d3N EN SERIE<\/p>\n<\/div>","protected":false},"featured_media":435,"comment_status":"open","ping_status":"closed","template":"","meta":[],"product_brand":[],"product_cat":[24],"product_tag":[],"class_list":{"0":"post-434","1":"product","2":"type-product","3":"status-publish","4":"has-post-thumbnail","6":"product_cat-ofertas","8":"first","9":"instock","10":"sale","11":"shipping-taxable","12":"purchasable","13":"product-type-simple"},"yoast_head":"<!-- This site is optimized with the Yoast SEO plugin v27.5 - https:\/\/yoast.com\/product\/yoast-seo-wordpress\/ -->\n<title>San Remo 750 Fisher Pro - Nautica COLIMBO<\/title>\n<meta name=\"robots\" content=\"index, follow, max-snippet:-1, max-image-preview:large, max-video-preview:-1\" \/>\n<link rel=\"canonical\" href=\"https:\/\/colimbo.com\/eu\/produktua\/san-remo-750-fisher-pro\/\" \/>\n<meta property=\"og:locale\" content=\"en_US\" \/>\n<meta property=\"og:type\" content=\"article\" \/>\n<meta property=\"og:title\" content=\"San Remo 750 Fisher Pro - Nautica COLIMBO\" \/>\n<meta property=\"og:description\" content=\"Iva y transporte no incluido Equipamiento de serie Botal\u00f3n de proa con roldana guiacabos Cornamusas inox reforzadas Escotilla regulable en cabina Pasillo Walkaround (pasillo transitable alrededor de la cabina) Comp\u00e1s Guanteras doble laterales Asiento piloto Ba\u00f1era autovaciante Regalas en nylon c\/ portaca\u00f1as y defensa acolchada Bomba de achique manual y autom\u00e1tica Tanque combustible 140 lts Luces de navegaci\u00f3n, fondeo y cabina Escalera de ba\u00f1o Cancamo de proa y dos de popa.    Equipamiento opcional Equipamiento opcional Puerta de cabina. Mesa cabina ba\u00f1era. Ducha de agua dulce. Cortinas interiores. Iluminacion Led. Volante en madera Acabado en madera de roble. Asiento vivero en popa. Banco lateral de cabina en roble. Etc\u2026\u2026.  POSIBILIDAD DE PONER LO QUE QUIERA EL CLIENTE POR NO SER UNA PRODUCCI\u00d3N EN SERIE\" \/>\n<meta property=\"og:url\" content=\"https:\/\/colimbo.com\/eu\/produktua\/san-remo-750-fisher-pro\/\" \/>\n<meta property=\"og:site_name\" content=\"Nautica COLIMBO\" \/>\n<meta property=\"article:modified_time\" content=\"2025-10-29T08:51:06+00:00\" \/>\n<meta property=\"og:image\" content=\"https:\/\/colimbo.com\/wp-content\/uploads\/2024\/10\/SR-750-1.jpg\" \/>\n\t<meta property=\"og:image:width\" content=\"448\" \/>\n\t<meta property=\"og:image:height\" content=\"336\" \/>\n\t<meta property=\"og:image:type\" content=\"image\/jpeg\" \/>\n<meta name=\"twitter:card\" content=\"summary_large_image\" \/>\n<meta name=\"twitter:label1\" content=\"Est. reading time\" \/>\n\t<meta name=\"twitter:data1\" content=\"1 minutua\" \/>\n<script type=\"application\/ld+json\" class=\"yoast-schema-graph\">{\"@context\":\"https:\\\/\\\/schema.org\",\"@graph\":[{\"@type\":\"WebPage\",\"@id\":\"https:\\\/\\\/colimbo.com\\\/producto\\\/san-remo-750-fisher-pro\\\/\",\"url\":\"https:\\\/\\\/colimbo.com\\\/producto\\\/san-remo-750-fisher-pro\\\/\",\"name\":\"San Remo 750 Fisher Pro - Nautica COLIMBO\",\"isPartOf\":{\"@id\":\"https:\\\/\\\/colimbo.com\\\/#website\"},\"primaryImageOfPage\":{\"@id\":\"https:\\\/\\\/colimbo.com\\\/producto\\\/san-remo-750-fisher-pro\\\/#primaryimage\"},\"image\":{\"@id\":\"https:\\\/\\\/colimbo.com\\\/producto\\\/san-remo-750-fisher-pro\\\/#primaryimage\"},\"thumbnailUrl\":\"https:\\\/\\\/colimbo.com\\\/wp-content\\\/uploads\\\/2024\\\/10\\\/SR-750-1.jpg\",\"datePublished\":\"2024-10-16T14:39:04+00:00\",\"dateModified\":\"2025-10-29T08:51:06+00:00\",\"breadcrumb\":{\"@id\":\"https:\\\/\\\/colimbo.com\\\/producto\\\/san-remo-750-fisher-pro\\\/#breadcrumb\"},\"inLanguage\":\"eu\",\"potentialAction\":[{\"@type\":\"ReadAction\",\"target\":[\"https:\\\/\\\/colimbo.com\\\/producto\\\/san-remo-750-fisher-pro\\\/\"]}]},{\"@type\":\"ImageObject\",\"inLanguage\":\"eu\",\"@id\":\"https:\\\/\\\/colimbo.com\\\/producto\\\/san-remo-750-fisher-pro\\\/#primaryimage\",\"url\":\"https:\\\/\\\/colimbo.com\\\/wp-content\\\/uploads\\\/2024\\\/10\\\/SR-750-1.jpg\",\"contentUrl\":\"https:\\\/\\\/colimbo.com\\\/wp-content\\\/uploads\\\/2024\\\/10\\\/SR-750-1.jpg\",\"width\":448,\"height\":336},{\"@type\":\"BreadcrumbList\",\"@id\":\"https:\\\/\\\/colimbo.com\\\/producto\\\/san-remo-750-fisher-pro\\\/#breadcrumb\",\"itemListElement\":[{\"@type\":\"ListItem\",\"position\":1,\"name\":\"Portada\",\"item\":\"https:\\\/\\\/colimbo.com\\\/\"},{\"@type\":\"ListItem\",\"position\":2,\"name\":\"Tienda\",\"item\":\"https:\\\/\\\/colimbo.com\\\/tienda\\\/\"},{\"@type\":\"ListItem\",\"position\":3,\"name\":\"San Remo 750 Fisher Pro\"}]},{\"@type\":\"WebSite\",\"@id\":\"https:\\\/\\\/colimbo.com\\\/#website\",\"url\":\"https:\\\/\\\/colimbo.com\\\/\",\"name\":\"Nautica COLIMBO\",\"description\":\"\",\"publisher\":{\"@id\":\"https:\\\/\\\/colimbo.com\\\/#organization\"},\"potentialAction\":[{\"@type\":\"SearchAction\",\"target\":{\"@type\":\"EntryPoint\",\"urlTemplate\":\"https:\\\/\\\/colimbo.com\\\/?s={search_term_string}\"},\"query-input\":{\"@type\":\"PropertyValueSpecification\",\"valueRequired\":true,\"valueName\":\"search_term_string\"}}],\"inLanguage\":\"eu\"},{\"@type\":\"Organization\",\"@id\":\"https:\\\/\\\/colimbo.com\\\/#organization\",\"name\":\"Nautica COLIMBO\",\"url\":\"https:\\\/\\\/colimbo.com\\\/\",\"logo\":{\"@type\":\"ImageObject\",\"inLanguage\":\"eu\",\"@id\":\"https:\\\/\\\/colimbo.com\\\/#\\\/schema\\\/logo\\\/image\\\/\",\"url\":\"https:\\\/\\\/colimbo.com\\\/wp-content\\\/uploads\\\/2024\\\/10\\\/cropped-Colimbo-03.png\",\"contentUrl\":\"https:\\\/\\\/colimbo.com\\\/wp-content\\\/uploads\\\/2024\\\/10\\\/cropped-Colimbo-03.png\",\"width\":1866,\"height\":413,\"caption\":\"Nautica COLIMBO\"},\"image\":{\"@id\":\"https:\\\/\\\/colimbo.com\\\/#\\\/schema\\\/logo\\\/image\\\/\"}}]}<\/script>\n<!-- \/ Yoast SEO plugin. -->","yoast_head_json":{"title":"San Remo 750 Fisher Pro - Nautica COLIMBO","robots":{"index":"index","follow":"follow","max-snippet":"max-snippet:-1","max-image-preview":"max-image-preview:large","max-video-preview":"max-video-preview:-1"},"canonical":"https:\/\/colimbo.com\/eu\/produktua\/san-remo-750-fisher-pro\/","og_locale":"en_US","og_type":"article","og_title":"San Remo 750 Fisher Pro - Nautica COLIMBO","og_description":"Iva y transporte no incluido Equipamiento de serie Botal\u00f3n de proa con roldana guiacabos Cornamusas inox reforzadas Escotilla regulable en cabina Pasillo Walkaround (pasillo transitable alrededor de la cabina) Comp\u00e1s Guanteras doble laterales Asiento piloto Ba\u00f1era autovaciante Regalas en nylon c\/ portaca\u00f1as y defensa acolchada Bomba de achique manual y autom\u00e1tica Tanque combustible 140 lts Luces de navegaci\u00f3n, fondeo y cabina Escalera de ba\u00f1o Cancamo de proa y dos de popa.    Equipamiento opcional Equipamiento opcional Puerta de cabina. Mesa cabina ba\u00f1era. Ducha de agua dulce. Cortinas interiores. Iluminacion Led. Volante en madera Acabado en madera de roble. Asiento vivero en popa. Banco lateral de cabina en roble. Etc\u2026\u2026.  POSIBILIDAD DE PONER LO QUE QUIERA EL CLIENTE POR NO SER UNA PRODUCCI\u00d3N EN SERIE","og_url":"https:\/\/colimbo.com\/eu\/produktua\/san-remo-750-fisher-pro\/","og_site_name":"Nautica COLIMBO","article_modified_time":"2025-10-29T08:51:06+00:00","og_image":[{"width":448,"height":336,"url":"https:\/\/colimbo.com\/wp-content\/uploads\/2024\/10\/SR-750-1.jpg","type":"image\/jpeg"}],"twitter_card":"summary_large_image","twitter_misc":{"Est. reading time":"1 minutua"},"schema":{"@context":"https:\/\/schema.org","@graph":[{"@type":"WebPage","@id":"https:\/\/colimbo.com\/producto\/san-remo-750-fisher-pro\/","url":"https:\/\/colimbo.com\/producto\/san-remo-750-fisher-pro\/","name":"San Remo 750 Fisher Pro - Nautica COLIMBO","isPartOf":{"@id":"https:\/\/colimbo.com\/#website"},"primaryImageOfPage":{"@id":"https:\/\/colimbo.com\/producto\/san-remo-750-fisher-pro\/#primaryimage"},"image":{"@id":"https:\/\/colimbo.com\/producto\/san-remo-750-fisher-pro\/#primaryimage"},"thumbnailUrl":"https:\/\/colimbo.com\/wp-content\/uploads\/2024\/10\/SR-750-1.jpg","datePublished":"2024-10-16T14:39:04+00:00","dateModified":"2025-10-29T08:51:06+00:00","breadcrumb":{"@id":"https:\/\/colimbo.com\/producto\/san-remo-750-fisher-pro\/#breadcrumb"},"inLanguage":"eu","potentialAction":[{"@type":"ReadAction","target":["https:\/\/colimbo.com\/producto\/san-remo-750-fisher-pro\/"]}]},{"@type":"ImageObject","inLanguage":"eu","@id":"https:\/\/colimbo.com\/producto\/san-remo-750-fisher-pro\/#primaryimage","url":"https:\/\/colimbo.com\/wp-content\/uploads\/2024\/10\/SR-750-1.jpg","contentUrl":"https:\/\/colimbo.com\/wp-content\/uploads\/2024\/10\/SR-750-1.jpg","width":448,"height":336},{"@type":"BreadcrumbList","@id":"https:\/\/colimbo.com\/producto\/san-remo-750-fisher-pro\/#breadcrumb","itemListElement":[{"@type":"ListItem","position":1,"name":"Portada","item":"https:\/\/colimbo.com\/"},{"@type":"ListItem","position":2,"name":"Tienda","item":"https:\/\/colimbo.com\/tienda\/"},{"@type":"ListItem","position":3,"name":"San Remo 750 Fisher Pro"}]},{"@type":"WebSite","@id":"https:\/\/colimbo.com\/#website","url":"https:\/\/colimbo.com\/","name":"Nautica COLIMBO","description":"","publisher":{"@id":"https:\/\/colimbo.com\/#organization"},"potentialAction":[{"@type":"SearchAction","target":{"@type":"EntryPoint","urlTemplate":"https:\/\/colimbo.com\/?s={search_term_string}"},"query-input":{"@type":"PropertyValueSpecification","valueRequired":true,"valueName":"search_term_string"}}],"inLanguage":"eu"},{"@type":"Organization","@id":"https:\/\/colimbo.com\/#organization","name":"Nautica COLIMBO","url":"https:\/\/colimbo.com\/","logo":{"@type":"ImageObject","inLanguage":"eu","@id":"https:\/\/colimbo.com\/#\/schema\/logo\/image\/","url":"https:\/\/colimbo.com\/wp-content\/uploads\/2024\/10\/cropped-Colimbo-03.png","contentUrl":"https:\/\/colimbo.com\/wp-content\/uploads\/2024\/10\/cropped-Colimbo-03.png","width":1866,"height":413,"caption":"Nautica COLIMBO"},"image":{"@id":"https:\/\/colimbo.com\/#\/schema\/logo\/image\/"}}]}},"_links":{"self":[{"href":"https:\/\/colimbo.com\/eu\/wp-json\/wp\/v2\/product\/434","targetHints":{"allow":["GET"]}}],"collection":[{"href":"https:\/\/colimbo.com\/eu\/wp-json\/wp\/v2\/product"}],"about":[{"href":"https:\/\/colimbo.com\/eu\/wp-json\/wp\/v2\/types\/product"}],"replies":[{"embeddable":true,"href":"https:\/\/colimbo.com\/eu\/wp-json\/wp\/v2\/comments?post=434"}],"wp:featuredmedia":[{"embeddable":true,"href":"https:\/\/colimbo.com\/eu\/wp-json\/wp\/v2\/media\/435"}],"wp:attachment":[{"href":"https:\/\/colimbo.com\/eu\/wp-json\/wp\/v2\/media?parent=434"}],"wp:term":[{"taxonomy":"product_brand","embeddable":true,"href":"https:\/\/colimbo.com\/eu\/wp-json\/wp\/v2\/product_brand?post=434"},{"taxonomy":"product_cat","embeddable":true,"href":"https:\/\/colimbo.com\/eu\/wp-json\/wp\/v2\/product_cat?post=434"},{"taxonomy":"product_tag","embeddable":true,"href":"https:\/\/colimbo.com\/eu\/wp-json\/wp\/v2\/product_tag?post=434"}],"curies":[{"name":"wp","href":"https:\/\/api.w.org\/{rel}","templated":true}]}}