{"id":423,"date":"2024-10-16T14:35:57","date_gmt":"2024-10-16T14:35:57","guid":{"rendered":"https:\/\/colimbo.rkinformatika.online\/?post_type=product&#038;p=423"},"modified":"2026-05-06T16:29:16","modified_gmt":"2026-05-06T16:29:16","slug":"italmar-open-17","status":"publish","type":"product","link":"https:\/\/colimbo.com\/eu\/produktua\/italmar-open-17\/","title":{"rendered":"ITALMAR OPEN 17"},"content":{"rendered":"<p><strong>Eslora<\/strong>: 5,20 mts<br \/>\n<strong>Manga<\/strong>: 2,10 mts<br \/>\n<strong>Calado<\/strong>: 0,35 mts<br \/>\n<strong>Peso<\/strong>: 400 kgs<br \/>\n<strong>Camas<\/strong>: 2<br \/>\n<strong>Motor. Min-Max<\/strong>: 40- 90CV<br \/>\n<strong>Dep. \u00c0gua<\/strong>: 50 lts Opc.<br \/>\n<strong>Dep. Combustible<\/strong>: 60 lts Opc.<br \/>\n<strong>Cat. Homologaci\u00f3n<\/strong>: C(6)<br \/>\n<strong>Titulaci\u00f3n<\/strong>: Titulaci\u00f3n Federativa<\/p>\n<p>UNIDAD EN STOCK ENTREGA INMEDIATA Un barco perfecto para pasar d\u00edas inolvidables junto con los amigos. con amplia consola central y c\u00f3modo puesto de pilotaje, para quienes no quieran complicarse y a un precio muy interesante.Las barandillas inox laterales tanto en proa como en la ba\u00f1era de popa nos dan la seguridad y comodidad en cualquier tipo de navegaci\u00f3n. l Amplio solarium en proa, se accede f\u00e1cilmente desde ba\u00f1era a trav\u00e9s de sus dos pasos laterales. En el espejo de popa se han instalado pasamanos y escalera de ba\u00f1o. Totalmente equipada. perfecta para iniciaci\u00f3n y mas. Precio 13.900\u20ac<strong> iva y transporte no incluido<\/strong><br \/>\nPrecios packs:<\/p>\n<p>Pack con Honda 40cv 25.935\u20ac iva incluido.\u00a0 \u00a0 \u00a0 \u00a0 \u00a0 \u00a0 \u00a0 Pack con Selva 40cv XSR 25.496\u20ac iva incluido.<br \/>\nPack con Honda 50cv 25.935\u20ac iva incluido.\u00a0 \u00a0 \u00a0 \u00a0 \u00a0 \u00a0 \u00a0 Pack con Selva 50cv XSR 27.348\u20ac iva incluido.<br \/>\nPack con Honda 60cv 29.347\u20ac iva incluido.\u00a0 \u00a0 \u00a0 \u00a0 \u00a0 \u00a0 \u00a0 \u00a0Pack con Selva 60cv XSR 28.199\u20ac iva incluido.<br \/>\nPack con Honda 80cv 30302\u20ac iva incluido.\u00a0 \u00a0 \u00a0 \u00a0 \u00a0 \u00a0 Pack con Selva 70cv XSR 29.894\u20ac iva incluido.<\/p>\n<p>&nbsp;<\/p>\n<p>En el precio de pack incluye: iva, transporte desde Sicilia a la n\u00e1utica y entrega en Pa\u00eds Vasco y Cantabria, montaje del motor, cables de mando, caja de bater\u00eda y bater\u00eda. Desconectador de bater\u00eda y filtro de gasolina. todas las colchonetas del barco, panel de interruptores, bomba de achique etc&#8230;..<\/p>\n<p>ENTREGA INMEDIATA<\/p>","protected":false},"excerpt":{"rendered":"<div>\n<h3>Equipamiento de serie:<\/h3>\n<p>Volante con direccion completa, p\u00f9lpito en acero inox, escalera, parabrisas en plexiglass, n. 4 bitas en acero, n. 3 ganchos de amarre, luces de navegaci\u00f2n, cojineria completa, bomba achique de sentina, cuadro de relojes con interruptores, portaobjetos laterales en madera.<\/p>\n<h3>Equipamiento opcional:<\/h3>\n<p>Lona consol<br \/>\nCapota parasol 3 arcos inox<br \/>\nSoporte motor auxiliar<br \/>\nBr\u00f9jula<br \/>\nLuces 360\u00b0<br \/>\nBocina<br \/>\nPuntera de prora inox<br \/>\nDeposito combust. inox<br \/>\nlts 70<br \/>\nDeposito combust. lts 50<br \/>\nColor espacial casco<br \/>\nBanda lateral<br \/>\nBomba de presion y ducha<br \/>\n+ deposito agua lt 50<br \/>\nColor especial de casco y<br \/>\ncubierta<br \/>\nFlexyteek<\/p>\n<\/div>\n<div>\n<h4>BANDA LATERAL AZUL MARINA SIN CARGO<\/h4>\n<p><strong>NUEVA, A ESTRENAR, ENTREGA INMEDIATA<\/strong><\/p>\n<\/div>","protected":false},"featured_media":425,"comment_status":"open","ping_status":"closed","template":"","meta":[],"product_brand":[],"product_cat":[24,23],"product_tag":[],"class_list":{"0":"post-423","1":"product","2":"type-product","3":"status-publish","4":"has-post-thumbnail","6":"product_cat-ofertas","7":"product_cat-stock","9":"first","10":"instock","11":"shipping-taxable","12":"purchasable","13":"product-type-simple"},"yoast_head":"<!-- This site is optimized with the Yoast SEO plugin v27.5 - https:\/\/yoast.com\/product\/yoast-seo-wordpress\/ -->\n<title>ITALMAR OPEN 17 - Nautica COLIMBO<\/title>\n<meta name=\"robots\" content=\"index, follow, max-snippet:-1, max-image-preview:large, max-video-preview:-1\" \/>\n<link rel=\"canonical\" href=\"https:\/\/colimbo.com\/eu\/produktua\/italmar-open-17\/\" \/>\n<meta property=\"og:locale\" content=\"en_US\" \/>\n<meta property=\"og:type\" content=\"article\" \/>\n<meta property=\"og:title\" content=\"ITALMAR OPEN 17 - Nautica COLIMBO\" \/>\n<meta property=\"og:description\" content=\"Equipamiento de serie: Volante con direccion completa, p\u00f9lpito en acero inox, escalera, parabrisas en plexiglass, n. 4 bitas en acero, n. 3 ganchos de amarre, luces de navegaci\u00f2n, cojineria completa, bomba achique de sentina, cuadro de relojes con interruptores, portaobjetos laterales en madera. Equipamiento opcional: Lona consol Capota parasol 3 arcos inox Soporte motor auxiliar Br\u00f9jula Luces 360\u00b0 Bocina Puntera de prora inox Deposito combust. inox lts 70 Deposito combust. lts 50 Color espacial casco Banda lateral Bomba de presion y ducha + deposito agua lt 50 Color especial de casco y cubierta Flexyteek    BANDA LATERAL AZUL MARINA SIN CARGO NUEVA, A ESTRENAR, ENTREGA INMEDIATA\" \/>\n<meta property=\"og:url\" content=\"https:\/\/colimbo.com\/eu\/produktua\/italmar-open-17\/\" \/>\n<meta property=\"og:site_name\" content=\"Nautica COLIMBO\" \/>\n<meta property=\"article:modified_time\" content=\"2026-05-06T16:29:16+00:00\" \/>\n<meta property=\"og:image\" content=\"https:\/\/colimbo.com\/wp-content\/uploads\/2024\/10\/OPEN-17-3.jpg\" \/>\n\t<meta property=\"og:image:width\" content=\"1600\" \/>\n\t<meta property=\"og:image:height\" content=\"1201\" \/>\n\t<meta property=\"og:image:type\" content=\"image\/jpeg\" \/>\n<meta name=\"twitter:card\" content=\"summary_large_image\" \/>\n<meta name=\"twitter:label1\" content=\"Est. reading time\" \/>\n\t<meta name=\"twitter:data1\" content=\"2 minutua\" \/>\n<script type=\"application\/ld+json\" class=\"yoast-schema-graph\">{\"@context\":\"https:\\\/\\\/schema.org\",\"@graph\":[{\"@type\":\"WebPage\",\"@id\":\"https:\\\/\\\/colimbo.com\\\/producto\\\/italmar-open-17\\\/\",\"url\":\"https:\\\/\\\/colimbo.com\\\/producto\\\/italmar-open-17\\\/\",\"name\":\"ITALMAR OPEN 17 - Nautica COLIMBO\",\"isPartOf\":{\"@id\":\"https:\\\/\\\/colimbo.com\\\/#website\"},\"primaryImageOfPage\":{\"@id\":\"https:\\\/\\\/colimbo.com\\\/producto\\\/italmar-open-17\\\/#primaryimage\"},\"image\":{\"@id\":\"https:\\\/\\\/colimbo.com\\\/producto\\\/italmar-open-17\\\/#primaryimage\"},\"thumbnailUrl\":\"https:\\\/\\\/colimbo.com\\\/wp-content\\\/uploads\\\/2024\\\/10\\\/OPEN-17-3.jpg\",\"datePublished\":\"2024-10-16T14:35:57+00:00\",\"dateModified\":\"2026-05-06T16:29:16+00:00\",\"breadcrumb\":{\"@id\":\"https:\\\/\\\/colimbo.com\\\/producto\\\/italmar-open-17\\\/#breadcrumb\"},\"inLanguage\":\"eu\",\"potentialAction\":[{\"@type\":\"ReadAction\",\"target\":[\"https:\\\/\\\/colimbo.com\\\/producto\\\/italmar-open-17\\\/\"]}]},{\"@type\":\"ImageObject\",\"inLanguage\":\"eu\",\"@id\":\"https:\\\/\\\/colimbo.com\\\/producto\\\/italmar-open-17\\\/#primaryimage\",\"url\":\"https:\\\/\\\/colimbo.com\\\/wp-content\\\/uploads\\\/2024\\\/10\\\/OPEN-17-3.jpg\",\"contentUrl\":\"https:\\\/\\\/colimbo.com\\\/wp-content\\\/uploads\\\/2024\\\/10\\\/OPEN-17-3.jpg\",\"width\":1600,\"height\":1201},{\"@type\":\"BreadcrumbList\",\"@id\":\"https:\\\/\\\/colimbo.com\\\/producto\\\/italmar-open-17\\\/#breadcrumb\",\"itemListElement\":[{\"@type\":\"ListItem\",\"position\":1,\"name\":\"Portada\",\"item\":\"https:\\\/\\\/colimbo.com\\\/\"},{\"@type\":\"ListItem\",\"position\":2,\"name\":\"Tienda\",\"item\":\"https:\\\/\\\/colimbo.com\\\/tienda\\\/\"},{\"@type\":\"ListItem\",\"position\":3,\"name\":\"ITALMAR OPEN 17\"}]},{\"@type\":\"WebSite\",\"@id\":\"https:\\\/\\\/colimbo.com\\\/#website\",\"url\":\"https:\\\/\\\/colimbo.com\\\/\",\"name\":\"Nautica COLIMBO\",\"description\":\"\",\"publisher\":{\"@id\":\"https:\\\/\\\/colimbo.com\\\/#organization\"},\"potentialAction\":[{\"@type\":\"SearchAction\",\"target\":{\"@type\":\"EntryPoint\",\"urlTemplate\":\"https:\\\/\\\/colimbo.com\\\/?s={search_term_string}\"},\"query-input\":{\"@type\":\"PropertyValueSpecification\",\"valueRequired\":true,\"valueName\":\"search_term_string\"}}],\"inLanguage\":\"eu\"},{\"@type\":\"Organization\",\"@id\":\"https:\\\/\\\/colimbo.com\\\/#organization\",\"name\":\"Nautica COLIMBO\",\"url\":\"https:\\\/\\\/colimbo.com\\\/\",\"logo\":{\"@type\":\"ImageObject\",\"inLanguage\":\"eu\",\"@id\":\"https:\\\/\\\/colimbo.com\\\/#\\\/schema\\\/logo\\\/image\\\/\",\"url\":\"https:\\\/\\\/colimbo.com\\\/wp-content\\\/uploads\\\/2024\\\/10\\\/cropped-Colimbo-03.png\",\"contentUrl\":\"https:\\\/\\\/colimbo.com\\\/wp-content\\\/uploads\\\/2024\\\/10\\\/cropped-Colimbo-03.png\",\"width\":1866,\"height\":413,\"caption\":\"Nautica COLIMBO\"},\"image\":{\"@id\":\"https:\\\/\\\/colimbo.com\\\/#\\\/schema\\\/logo\\\/image\\\/\"}}]}<\/script>\n<!-- \/ Yoast SEO plugin. -->","yoast_head_json":{"title":"ITALMAR OPEN 17 - Nautica COLIMBO","robots":{"index":"index","follow":"follow","max-snippet":"max-snippet:-1","max-image-preview":"max-image-preview:large","max-video-preview":"max-video-preview:-1"},"canonical":"https:\/\/colimbo.com\/eu\/produktua\/italmar-open-17\/","og_locale":"en_US","og_type":"article","og_title":"ITALMAR OPEN 17 - Nautica COLIMBO","og_description":"Equipamiento de serie: Volante con direccion completa, p\u00f9lpito en acero inox, escalera, parabrisas en plexiglass, n. 4 bitas en acero, n. 3 ganchos de amarre, luces de navegaci\u00f2n, cojineria completa, bomba achique de sentina, cuadro de relojes con interruptores, portaobjetos laterales en madera. Equipamiento opcional: Lona consol Capota parasol 3 arcos inox Soporte motor auxiliar Br\u00f9jula Luces 360\u00b0 Bocina Puntera de prora inox Deposito combust. inox lts 70 Deposito combust. lts 50 Color espacial casco Banda lateral Bomba de presion y ducha + deposito agua lt 50 Color especial de casco y cubierta Flexyteek    BANDA LATERAL AZUL MARINA SIN CARGO NUEVA, A ESTRENAR, ENTREGA INMEDIATA","og_url":"https:\/\/colimbo.com\/eu\/produktua\/italmar-open-17\/","og_site_name":"Nautica COLIMBO","article_modified_time":"2026-05-06T16:29:16+00:00","og_image":[{"width":1600,"height":1201,"url":"https:\/\/colimbo.com\/wp-content\/uploads\/2024\/10\/OPEN-17-3.jpg","type":"image\/jpeg"}],"twitter_card":"summary_large_image","twitter_misc":{"Est. reading time":"2 minutua"},"schema":{"@context":"https:\/\/schema.org","@graph":[{"@type":"WebPage","@id":"https:\/\/colimbo.com\/producto\/italmar-open-17\/","url":"https:\/\/colimbo.com\/producto\/italmar-open-17\/","name":"ITALMAR OPEN 17 - Nautica COLIMBO","isPartOf":{"@id":"https:\/\/colimbo.com\/#website"},"primaryImageOfPage":{"@id":"https:\/\/colimbo.com\/producto\/italmar-open-17\/#primaryimage"},"image":{"@id":"https:\/\/colimbo.com\/producto\/italmar-open-17\/#primaryimage"},"thumbnailUrl":"https:\/\/colimbo.com\/wp-content\/uploads\/2024\/10\/OPEN-17-3.jpg","datePublished":"2024-10-16T14:35:57+00:00","dateModified":"2026-05-06T16:29:16+00:00","breadcrumb":{"@id":"https:\/\/colimbo.com\/producto\/italmar-open-17\/#breadcrumb"},"inLanguage":"eu","potentialAction":[{"@type":"ReadAction","target":["https:\/\/colimbo.com\/producto\/italmar-open-17\/"]}]},{"@type":"ImageObject","inLanguage":"eu","@id":"https:\/\/colimbo.com\/producto\/italmar-open-17\/#primaryimage","url":"https:\/\/colimbo.com\/wp-content\/uploads\/2024\/10\/OPEN-17-3.jpg","contentUrl":"https:\/\/colimbo.com\/wp-content\/uploads\/2024\/10\/OPEN-17-3.jpg","width":1600,"height":1201},{"@type":"BreadcrumbList","@id":"https:\/\/colimbo.com\/producto\/italmar-open-17\/#breadcrumb","itemListElement":[{"@type":"ListItem","position":1,"name":"Portada","item":"https:\/\/colimbo.com\/"},{"@type":"ListItem","position":2,"name":"Tienda","item":"https:\/\/colimbo.com\/tienda\/"},{"@type":"ListItem","position":3,"name":"ITALMAR OPEN 17"}]},{"@type":"WebSite","@id":"https:\/\/colimbo.com\/#website","url":"https:\/\/colimbo.com\/","name":"Nautica COLIMBO","description":"","publisher":{"@id":"https:\/\/colimbo.com\/#organization"},"potentialAction":[{"@type":"SearchAction","target":{"@type":"EntryPoint","urlTemplate":"https:\/\/colimbo.com\/?s={search_term_string}"},"query-input":{"@type":"PropertyValueSpecification","valueRequired":true,"valueName":"search_term_string"}}],"inLanguage":"eu"},{"@type":"Organization","@id":"https:\/\/colimbo.com\/#organization","name":"Nautica COLIMBO","url":"https:\/\/colimbo.com\/","logo":{"@type":"ImageObject","inLanguage":"eu","@id":"https:\/\/colimbo.com\/#\/schema\/logo\/image\/","url":"https:\/\/colimbo.com\/wp-content\/uploads\/2024\/10\/cropped-Colimbo-03.png","contentUrl":"https:\/\/colimbo.com\/wp-content\/uploads\/2024\/10\/cropped-Colimbo-03.png","width":1866,"height":413,"caption":"Nautica COLIMBO"},"image":{"@id":"https:\/\/colimbo.com\/#\/schema\/logo\/image\/"}}]}},"_links":{"self":[{"href":"https:\/\/colimbo.com\/eu\/wp-json\/wp\/v2\/product\/423","targetHints":{"allow":["GET"]}}],"collection":[{"href":"https:\/\/colimbo.com\/eu\/wp-json\/wp\/v2\/product"}],"about":[{"href":"https:\/\/colimbo.com\/eu\/wp-json\/wp\/v2\/types\/product"}],"replies":[{"embeddable":true,"href":"https:\/\/colimbo.com\/eu\/wp-json\/wp\/v2\/comments?post=423"}],"wp:featuredmedia":[{"embeddable":true,"href":"https:\/\/colimbo.com\/eu\/wp-json\/wp\/v2\/media\/425"}],"wp:attachment":[{"href":"https:\/\/colimbo.com\/eu\/wp-json\/wp\/v2\/media?parent=423"}],"wp:term":[{"taxonomy":"product_brand","embeddable":true,"href":"https:\/\/colimbo.com\/eu\/wp-json\/wp\/v2\/product_brand?post=423"},{"taxonomy":"product_cat","embeddable":true,"href":"https:\/\/colimbo.com\/eu\/wp-json\/wp\/v2\/product_cat?post=423"},{"taxonomy":"product_tag","embeddable":true,"href":"https:\/\/colimbo.com\/eu\/wp-json\/wp\/v2\/product_tag?post=423"}],"curies":[{"name":"wp","href":"https:\/\/api.w.org\/{rel}","templated":true}]}}