{"id":417,"date":"2024-10-16T14:24:17","date_gmt":"2024-10-16T14:24:17","guid":{"rendered":"https:\/\/colimbo.rkinformatika.online\/?post_type=product&#038;p=417"},"modified":"2025-10-29T09:31:57","modified_gmt":"2025-10-29T09:31:57","slug":"italmar-open-19","status":"publish","type":"product","link":"https:\/\/colimbo.com\/eu\/produktua\/italmar-open-19\/","title":{"rendered":"ITALMAR OPEN 19"},"content":{"rendered":"<p><strong>Eslora<\/strong>: 5,70 mts<br \/>\n<strong>Manga<\/strong>: 2,20 mts<br \/>\n<strong>Calado<\/strong>: 0,40 mts<br \/>\n<strong>Peso<\/strong>: 550 kgs<br \/>\n<strong>Camas<\/strong>: 2\/3<br \/>\n<strong>Motor. Min-Max<\/strong>: 40 hp \u2013 115 hp<br \/>\n<strong>Dep. \u00c0gua<\/strong>: 50 ltsoP.<br \/>\n<strong>Dep. Combustible<\/strong>: 70 lts Op.<br \/>\n<strong>Cat. Homologaci\u00f3n<\/strong>: C(7)<br \/>\n<strong>Titulaci\u00f3n<\/strong>: Titulaci\u00f3n Federativa<\/p>","protected":false},"excerpt":{"rendered":"<div>\n<h3>Equipamiento de serie:<\/h3>\n<p>1 UNIDAD EN STOCK ENTREGA INMEDIATA. Barco ideal para verano, gran sol\u00e1rium de proa con colchonetas,cofre bajo el sol\u00e1rium,asiento de piloto y tambucho de popa. motorizaci\u00f3n desde 50 cv. 6 pasajeros, luces de navegaci\u00f3n, bomba de achique, etc&#8230;consultar packs con motores Honda y Selva. precio desde 16.000\u20ac +iva.<br \/>\nPack con Honda 40cv 28.035\u20ac iva incluido.\u00a0 \u00a0 \u00a0 \u00a0 \u00a0 \u00a0 \u00a0 Pack con Selva 40cv XSR 27.596\u20ac iva incluido.<br \/>\nPack con Honda 50cv 28.035\u20ac iva incluido.\u00a0 \u00a0 \u00a0 \u00a0 \u00a0 \u00a0 \u00a0 Pack con Selva 50cv XSR 29.448\u20ac iva incluido.<br \/>\nPack con Honda 60cv 31.447\u20ac iva incluido.\u00a0 \u00a0 \u00a0 \u00a0 \u00a0 \u00a0 \u00a0 \u00a0Pack con Selva 60cv XSR 30.299\u20ac iva incluido.<br \/>\nPack con Honda 80cv 32402\u20ac iva incluido.\u00a0 \u00a0 \u00a0 \u00a0 \u00a0 \u00a0 Pack con Selva 70cv XSR 31.994\u20ac iva incluido.<br \/>\nPack con Honda 100cv 32.983\u20ac iva incluido.\u00a0 \u00a0 \u00a0 \u00a0 \u00a0 \u00a0Pack con Selva 100cv XSR 34.299\u20ac iva incluido.<br \/>\nPack con Honda 115cv 36.333\u20ac iva incluido.\u00a0 \u00a0 \u00a0 \u00a0 \u00a0 \u00a0 Pack con Selva 115cv XSR 36.016\u20ac iva incluido.<br \/>\nEn el precio de pack incluye: iva, transporte desde Sicilia a la n\u00e1utica y entrega en Pa\u00eds Vasco y Cantabria, montaje del motor, cables de mando, caja de bater\u00eda, bater\u00eda, desconectador de bater\u00eda y filtro de gasolina. todas las colchonetas del barco, panel de interruptores, bomba de achique etc&#8230;..<br \/>\nApto para 7 pasajeros.<br \/>\nUNIDAD EN STOCK ENTREGA INMEDIATA<br \/>\nwww.colimbo.com<\/p>\n<p>&nbsp;<\/p>\n<\/div>\n<div>\n<h3>Equipamiento opcional:<\/h3>\n<p>Lona cubre casco<br \/>\nLona consol<br \/>\nCapota parasol 3 arcos inox<br \/>\nSoporte motor auxiliar<br \/>\nBr\u00f9jula<br \/>\nLuces 360\u00b0<br \/>\nBocina<br \/>\nPuntera de prora inox<br \/>\nDeposito combust. inox. 70 lts<br \/>\nDeposito combust.\u00a0 plastico 60lts<br \/>\nColor espacial casco<br \/>\nBanda lateral<br \/>\nEstereo + 2 altavoces<br \/>\nBomba de presi\u00f3n y ducha+ deposito agua lt 50<br \/>\nColor especial de casco y cubierta<br \/>\nFlexyteek popa<\/p>\n<p><strong>NUEVA, A ESTRENAR<\/strong><\/p>\n<\/div>","protected":false},"featured_media":418,"comment_status":"open","ping_status":"closed","template":"","meta":[],"product_brand":[],"product_cat":[24,23],"product_tag":[],"class_list":{"0":"post-417","1":"product","2":"type-product","3":"status-publish","4":"has-post-thumbnail","6":"product_cat-ofertas","7":"product_cat-stock","9":"first","10":"instock","11":"shipping-taxable","12":"purchasable","13":"product-type-simple"},"yoast_head":"<!-- This site is optimized with the Yoast SEO plugin v27.5 - https:\/\/yoast.com\/product\/yoast-seo-wordpress\/ -->\n<title>ITALMAR OPEN 19 - Nautica COLIMBO<\/title>\n<meta name=\"robots\" content=\"index, follow, max-snippet:-1, max-image-preview:large, max-video-preview:-1\" \/>\n<link rel=\"canonical\" href=\"https:\/\/colimbo.com\/eu\/produktua\/italmar-open-19\/\" \/>\n<meta property=\"og:locale\" content=\"en_US\" \/>\n<meta property=\"og:type\" content=\"article\" \/>\n<meta property=\"og:title\" content=\"ITALMAR OPEN 19 - Nautica COLIMBO\" \/>\n<meta property=\"og:description\" content=\"Equipamiento de serie: 1 UNIDAD EN STOCK ENTREGA INMEDIATA. Barco ideal para verano, gran sol\u00e1rium de proa con colchonetas,cofre bajo el sol\u00e1rium,asiento de piloto y tambucho de popa. motorizaci\u00f3n desde 50 cv. 6 pasajeros, luces de navegaci\u00f3n, bomba de achique, etc...consultar packs con motores Honda y Selva. precio desde 16.000\u20ac +iva. Pack con Honda 40cv 28.035\u20ac iva incluido.\u00a0 \u00a0 \u00a0 \u00a0 \u00a0 \u00a0 \u00a0 Pack con Selva 40cv XSR 27.596\u20ac iva incluido. Pack con Honda 50cv 28.035\u20ac iva incluido.\u00a0 \u00a0 \u00a0 \u00a0 \u00a0 \u00a0 \u00a0 Pack con Selva 50cv XSR 29.448\u20ac iva incluido. Pack con Honda 60cv 31.447\u20ac iva incluido.\u00a0 \u00a0 \u00a0 \u00a0 \u00a0 \u00a0 \u00a0 \u00a0Pack con Selva 60cv XSR 30.299\u20ac iva incluido. Pack con Honda 80cv 32402\u20ac iva incluido.\u00a0 \u00a0 \u00a0 \u00a0 \u00a0 \u00a0 Pack con Selva 70cv XSR 31.994\u20ac iva incluido. Pack con Honda 100cv 32.983\u20ac iva incluido.\u00a0 \u00a0 \u00a0 \u00a0 \u00a0 \u00a0Pack con Selva 100cv XSR 34.299\u20ac iva incluido. Pack con Honda 115cv 36.333\u20ac iva incluido.\u00a0 \u00a0 \u00a0 \u00a0 \u00a0 \u00a0 Pack con Selva 115cv XSR 36.016\u20ac iva incluido. En el precio de pack incluye: iva, transporte desde Sicilia a la n\u00e1utica y entrega en Pa\u00eds Vasco y Cantabria, montaje del motor, cables de mando, caja de bater\u00eda, bater\u00eda, desconectador de bater\u00eda y filtro de gasolina. todas las colchonetas del barco, panel de interruptores, bomba de achique etc..... Apto para 7 pasajeros. UNIDAD EN STOCK ENTREGA INMEDIATA www.colimbo.com  &nbsp;    Equipamiento opcional: Lona cubre casco Lona consol Capota parasol 3 arcos inox Soporte motor auxiliar Br\u00f9jula Luces 360\u00b0 Bocina Puntera de prora inox Deposito combust. inox. 70 lts Deposito combust.\u00a0 plastico 60lts Color espacial casco Banda lateral Estereo + 2 altavoces Bomba de presi\u00f3n y ducha+ deposito agua lt 50 Color especial de casco y cubierta Flexyteek popa  NUEVA, A ESTRENAR\" \/>\n<meta property=\"og:url\" content=\"https:\/\/colimbo.com\/eu\/produktua\/italmar-open-19\/\" \/>\n<meta property=\"og:site_name\" content=\"Nautica COLIMBO\" \/>\n<meta property=\"article:modified_time\" content=\"2025-10-29T09:31:57+00:00\" \/>\n<meta property=\"og:image\" content=\"https:\/\/colimbo.com\/wp-content\/uploads\/2024\/10\/italmar-open-19-1.jpg\" \/>\n\t<meta property=\"og:image:width\" content=\"593\" \/>\n\t<meta property=\"og:image:height\" content=\"450\" \/>\n\t<meta property=\"og:image:type\" content=\"image\/jpeg\" \/>\n<meta name=\"twitter:card\" content=\"summary_large_image\" \/>\n<meta name=\"twitter:label1\" content=\"Est. reading time\" \/>\n\t<meta name=\"twitter:data1\" content=\"1 minutua\" \/>\n<script type=\"application\/ld+json\" class=\"yoast-schema-graph\">{\"@context\":\"https:\\\/\\\/schema.org\",\"@graph\":[{\"@type\":\"WebPage\",\"@id\":\"https:\\\/\\\/colimbo.com\\\/producto\\\/italmar-open-19\\\/\",\"url\":\"https:\\\/\\\/colimbo.com\\\/producto\\\/italmar-open-19\\\/\",\"name\":\"ITALMAR OPEN 19 - Nautica COLIMBO\",\"isPartOf\":{\"@id\":\"https:\\\/\\\/colimbo.com\\\/#website\"},\"primaryImageOfPage\":{\"@id\":\"https:\\\/\\\/colimbo.com\\\/producto\\\/italmar-open-19\\\/#primaryimage\"},\"image\":{\"@id\":\"https:\\\/\\\/colimbo.com\\\/producto\\\/italmar-open-19\\\/#primaryimage\"},\"thumbnailUrl\":\"https:\\\/\\\/colimbo.com\\\/wp-content\\\/uploads\\\/2024\\\/10\\\/italmar-open-19-1.jpg\",\"datePublished\":\"2024-10-16T14:24:17+00:00\",\"dateModified\":\"2025-10-29T09:31:57+00:00\",\"breadcrumb\":{\"@id\":\"https:\\\/\\\/colimbo.com\\\/producto\\\/italmar-open-19\\\/#breadcrumb\"},\"inLanguage\":\"eu\",\"potentialAction\":[{\"@type\":\"ReadAction\",\"target\":[\"https:\\\/\\\/colimbo.com\\\/producto\\\/italmar-open-19\\\/\"]}]},{\"@type\":\"ImageObject\",\"inLanguage\":\"eu\",\"@id\":\"https:\\\/\\\/colimbo.com\\\/producto\\\/italmar-open-19\\\/#primaryimage\",\"url\":\"https:\\\/\\\/colimbo.com\\\/wp-content\\\/uploads\\\/2024\\\/10\\\/italmar-open-19-1.jpg\",\"contentUrl\":\"https:\\\/\\\/colimbo.com\\\/wp-content\\\/uploads\\\/2024\\\/10\\\/italmar-open-19-1.jpg\",\"width\":593,\"height\":450},{\"@type\":\"BreadcrumbList\",\"@id\":\"https:\\\/\\\/colimbo.com\\\/producto\\\/italmar-open-19\\\/#breadcrumb\",\"itemListElement\":[{\"@type\":\"ListItem\",\"position\":1,\"name\":\"Portada\",\"item\":\"https:\\\/\\\/colimbo.com\\\/\"},{\"@type\":\"ListItem\",\"position\":2,\"name\":\"Tienda\",\"item\":\"https:\\\/\\\/colimbo.com\\\/tienda\\\/\"},{\"@type\":\"ListItem\",\"position\":3,\"name\":\"ITALMAR OPEN 19\"}]},{\"@type\":\"WebSite\",\"@id\":\"https:\\\/\\\/colimbo.com\\\/#website\",\"url\":\"https:\\\/\\\/colimbo.com\\\/\",\"name\":\"Nautica COLIMBO\",\"description\":\"\",\"publisher\":{\"@id\":\"https:\\\/\\\/colimbo.com\\\/#organization\"},\"potentialAction\":[{\"@type\":\"SearchAction\",\"target\":{\"@type\":\"EntryPoint\",\"urlTemplate\":\"https:\\\/\\\/colimbo.com\\\/?s={search_term_string}\"},\"query-input\":{\"@type\":\"PropertyValueSpecification\",\"valueRequired\":true,\"valueName\":\"search_term_string\"}}],\"inLanguage\":\"eu\"},{\"@type\":\"Organization\",\"@id\":\"https:\\\/\\\/colimbo.com\\\/#organization\",\"name\":\"Nautica COLIMBO\",\"url\":\"https:\\\/\\\/colimbo.com\\\/\",\"logo\":{\"@type\":\"ImageObject\",\"inLanguage\":\"eu\",\"@id\":\"https:\\\/\\\/colimbo.com\\\/#\\\/schema\\\/logo\\\/image\\\/\",\"url\":\"https:\\\/\\\/colimbo.com\\\/wp-content\\\/uploads\\\/2024\\\/10\\\/cropped-Colimbo-03.png\",\"contentUrl\":\"https:\\\/\\\/colimbo.com\\\/wp-content\\\/uploads\\\/2024\\\/10\\\/cropped-Colimbo-03.png\",\"width\":1866,\"height\":413,\"caption\":\"Nautica COLIMBO\"},\"image\":{\"@id\":\"https:\\\/\\\/colimbo.com\\\/#\\\/schema\\\/logo\\\/image\\\/\"}}]}<\/script>\n<!-- \/ Yoast SEO plugin. -->","yoast_head_json":{"title":"ITALMAR OPEN 19 - Nautica COLIMBO","robots":{"index":"index","follow":"follow","max-snippet":"max-snippet:-1","max-image-preview":"max-image-preview:large","max-video-preview":"max-video-preview:-1"},"canonical":"https:\/\/colimbo.com\/eu\/produktua\/italmar-open-19\/","og_locale":"en_US","og_type":"article","og_title":"ITALMAR OPEN 19 - Nautica COLIMBO","og_description":"Equipamiento de serie: 1 UNIDAD EN STOCK ENTREGA INMEDIATA. Barco ideal para verano, gran sol\u00e1rium de proa con colchonetas,cofre bajo el sol\u00e1rium,asiento de piloto y tambucho de popa. motorizaci\u00f3n desde 50 cv. 6 pasajeros, luces de navegaci\u00f3n, bomba de achique, etc...consultar packs con motores Honda y Selva. precio desde 16.000\u20ac +iva. Pack con Honda 40cv 28.035\u20ac iva incluido.\u00a0 \u00a0 \u00a0 \u00a0 \u00a0 \u00a0 \u00a0 Pack con Selva 40cv XSR 27.596\u20ac iva incluido. Pack con Honda 50cv 28.035\u20ac iva incluido.\u00a0 \u00a0 \u00a0 \u00a0 \u00a0 \u00a0 \u00a0 Pack con Selva 50cv XSR 29.448\u20ac iva incluido. Pack con Honda 60cv 31.447\u20ac iva incluido.\u00a0 \u00a0 \u00a0 \u00a0 \u00a0 \u00a0 \u00a0 \u00a0Pack con Selva 60cv XSR 30.299\u20ac iva incluido. Pack con Honda 80cv 32402\u20ac iva incluido.\u00a0 \u00a0 \u00a0 \u00a0 \u00a0 \u00a0 Pack con Selva 70cv XSR 31.994\u20ac iva incluido. Pack con Honda 100cv 32.983\u20ac iva incluido.\u00a0 \u00a0 \u00a0 \u00a0 \u00a0 \u00a0Pack con Selva 100cv XSR 34.299\u20ac iva incluido. Pack con Honda 115cv 36.333\u20ac iva incluido.\u00a0 \u00a0 \u00a0 \u00a0 \u00a0 \u00a0 Pack con Selva 115cv XSR 36.016\u20ac iva incluido. En el precio de pack incluye: iva, transporte desde Sicilia a la n\u00e1utica y entrega en Pa\u00eds Vasco y Cantabria, montaje del motor, cables de mando, caja de bater\u00eda, bater\u00eda, desconectador de bater\u00eda y filtro de gasolina. todas las colchonetas del barco, panel de interruptores, bomba de achique etc..... Apto para 7 pasajeros. UNIDAD EN STOCK ENTREGA INMEDIATA www.colimbo.com  &nbsp;    Equipamiento opcional: Lona cubre casco Lona consol Capota parasol 3 arcos inox Soporte motor auxiliar Br\u00f9jula Luces 360\u00b0 Bocina Puntera de prora inox Deposito combust. inox. 70 lts Deposito combust.\u00a0 plastico 60lts Color espacial casco Banda lateral Estereo + 2 altavoces Bomba de presi\u00f3n y ducha+ deposito agua lt 50 Color especial de casco y cubierta Flexyteek popa  NUEVA, A ESTRENAR","og_url":"https:\/\/colimbo.com\/eu\/produktua\/italmar-open-19\/","og_site_name":"Nautica COLIMBO","article_modified_time":"2025-10-29T09:31:57+00:00","og_image":[{"width":593,"height":450,"url":"https:\/\/colimbo.com\/wp-content\/uploads\/2024\/10\/italmar-open-19-1.jpg","type":"image\/jpeg"}],"twitter_card":"summary_large_image","twitter_misc":{"Est. reading time":"1 minutua"},"schema":{"@context":"https:\/\/schema.org","@graph":[{"@type":"WebPage","@id":"https:\/\/colimbo.com\/producto\/italmar-open-19\/","url":"https:\/\/colimbo.com\/producto\/italmar-open-19\/","name":"ITALMAR OPEN 19 - Nautica COLIMBO","isPartOf":{"@id":"https:\/\/colimbo.com\/#website"},"primaryImageOfPage":{"@id":"https:\/\/colimbo.com\/producto\/italmar-open-19\/#primaryimage"},"image":{"@id":"https:\/\/colimbo.com\/producto\/italmar-open-19\/#primaryimage"},"thumbnailUrl":"https:\/\/colimbo.com\/wp-content\/uploads\/2024\/10\/italmar-open-19-1.jpg","datePublished":"2024-10-16T14:24:17+00:00","dateModified":"2025-10-29T09:31:57+00:00","breadcrumb":{"@id":"https:\/\/colimbo.com\/producto\/italmar-open-19\/#breadcrumb"},"inLanguage":"eu","potentialAction":[{"@type":"ReadAction","target":["https:\/\/colimbo.com\/producto\/italmar-open-19\/"]}]},{"@type":"ImageObject","inLanguage":"eu","@id":"https:\/\/colimbo.com\/producto\/italmar-open-19\/#primaryimage","url":"https:\/\/colimbo.com\/wp-content\/uploads\/2024\/10\/italmar-open-19-1.jpg","contentUrl":"https:\/\/colimbo.com\/wp-content\/uploads\/2024\/10\/italmar-open-19-1.jpg","width":593,"height":450},{"@type":"BreadcrumbList","@id":"https:\/\/colimbo.com\/producto\/italmar-open-19\/#breadcrumb","itemListElement":[{"@type":"ListItem","position":1,"name":"Portada","item":"https:\/\/colimbo.com\/"},{"@type":"ListItem","position":2,"name":"Tienda","item":"https:\/\/colimbo.com\/tienda\/"},{"@type":"ListItem","position":3,"name":"ITALMAR OPEN 19"}]},{"@type":"WebSite","@id":"https:\/\/colimbo.com\/#website","url":"https:\/\/colimbo.com\/","name":"Nautica COLIMBO","description":"","publisher":{"@id":"https:\/\/colimbo.com\/#organization"},"potentialAction":[{"@type":"SearchAction","target":{"@type":"EntryPoint","urlTemplate":"https:\/\/colimbo.com\/?s={search_term_string}"},"query-input":{"@type":"PropertyValueSpecification","valueRequired":true,"valueName":"search_term_string"}}],"inLanguage":"eu"},{"@type":"Organization","@id":"https:\/\/colimbo.com\/#organization","name":"Nautica COLIMBO","url":"https:\/\/colimbo.com\/","logo":{"@type":"ImageObject","inLanguage":"eu","@id":"https:\/\/colimbo.com\/#\/schema\/logo\/image\/","url":"https:\/\/colimbo.com\/wp-content\/uploads\/2024\/10\/cropped-Colimbo-03.png","contentUrl":"https:\/\/colimbo.com\/wp-content\/uploads\/2024\/10\/cropped-Colimbo-03.png","width":1866,"height":413,"caption":"Nautica COLIMBO"},"image":{"@id":"https:\/\/colimbo.com\/#\/schema\/logo\/image\/"}}]}},"_links":{"self":[{"href":"https:\/\/colimbo.com\/eu\/wp-json\/wp\/v2\/product\/417","targetHints":{"allow":["GET"]}}],"collection":[{"href":"https:\/\/colimbo.com\/eu\/wp-json\/wp\/v2\/product"}],"about":[{"href":"https:\/\/colimbo.com\/eu\/wp-json\/wp\/v2\/types\/product"}],"replies":[{"embeddable":true,"href":"https:\/\/colimbo.com\/eu\/wp-json\/wp\/v2\/comments?post=417"}],"wp:featuredmedia":[{"embeddable":true,"href":"https:\/\/colimbo.com\/eu\/wp-json\/wp\/v2\/media\/418"}],"wp:attachment":[{"href":"https:\/\/colimbo.com\/eu\/wp-json\/wp\/v2\/media?parent=417"}],"wp:term":[{"taxonomy":"product_brand","embeddable":true,"href":"https:\/\/colimbo.com\/eu\/wp-json\/wp\/v2\/product_brand?post=417"},{"taxonomy":"product_cat","embeddable":true,"href":"https:\/\/colimbo.com\/eu\/wp-json\/wp\/v2\/product_cat?post=417"},{"taxonomy":"product_tag","embeddable":true,"href":"https:\/\/colimbo.com\/eu\/wp-json\/wp\/v2\/product_tag?post=417"}],"curies":[{"name":"wp","href":"https:\/\/api.w.org\/{rel}","templated":true}]}}