{"id":397,"date":"2024-10-16T14:13:48","date_gmt":"2024-10-16T14:13:48","guid":{"rendered":"https:\/\/colimbo.rkinformatika.online\/?post_type=product&#038;p=397"},"modified":"2025-10-31T08:39:14","modified_gmt":"2025-10-31T08:39:14","slug":"motor-honda-marine-bf-6s","status":"publish","type":"product","link":"https:\/\/colimbo.com\/eu\/produktua\/motor-honda-marine-bf-6s\/","title":{"rendered":"Motor Honda Marine BF 6S"},"content":{"rendered":"<p><strong>Tipo:\u00a0<\/strong>Motor fueraborda \u00a0tiempos.<br \/>\n<strong>Potencia:\u00a0<\/strong>6\u00a0CV<br \/>\n<strong>Peso:\u00a0<\/strong>27<strong>\u00a0<\/strong>kg<br \/>\n<strong>Cola:<\/strong>\u00a0Corta<br \/>\n<strong>Control:<\/strong>\u00a0Mando Popero<\/p>\n<p>El fueraborda Honda BF 6 es un peque\u00f1o motor de dise\u00f1o ligero y compacto. Dep\u00f3sito de gasolina integrado y posibilidad de conexi\u00f3n a dep\u00f3sito externo. Ideal para peque\u00f1as embarcaciones de pesca, veleros y neum\u00e1ticas. Con asa para un f\u00e1cil transporte.<\/p>","protected":false},"excerpt":{"rendered":"<p>Deposito de gasolina incorporado.<\/p>\n<p>Posibilidad de conexi\u00f3n a dep\u00f3sito externo.<\/p>","protected":false},"featured_media":398,"comment_status":"open","ping_status":"closed","template":"","meta":[],"product_brand":[],"product_cat":[15],"product_tag":[],"class_list":{"0":"post-397","1":"product","2":"type-product","3":"status-publish","4":"has-post-thumbnail","6":"product_cat-sin-categorizar","8":"first","9":"outofstock","10":"shipping-taxable","11":"purchasable","12":"product-type-simple"},"yoast_head":"<!-- This site is optimized with the Yoast SEO plugin v27.5 - https:\/\/yoast.com\/product\/yoast-seo-wordpress\/ -->\n<title>Motor Honda Marine BF 6S - Nautica COLIMBO<\/title>\n<meta name=\"robots\" content=\"index, follow, max-snippet:-1, max-image-preview:large, max-video-preview:-1\" \/>\n<link rel=\"canonical\" href=\"https:\/\/colimbo.com\/eu\/produktua\/motor-honda-marine-bf-6s\/\" \/>\n<meta property=\"og:locale\" content=\"en_US\" \/>\n<meta property=\"og:type\" content=\"article\" \/>\n<meta property=\"og:title\" content=\"Motor Honda Marine BF 6S - Nautica COLIMBO\" \/>\n<meta property=\"og:description\" content=\"Deposito de gasolina incorporado.  Posibilidad de conexi\u00f3n a dep\u00f3sito externo.\" \/>\n<meta property=\"og:url\" content=\"https:\/\/colimbo.com\/eu\/produktua\/motor-honda-marine-bf-6s\/\" \/>\n<meta property=\"og:site_name\" content=\"Nautica COLIMBO\" \/>\n<meta property=\"article:modified_time\" content=\"2025-10-31T08:39:14+00:00\" \/>\n<meta property=\"og:image\" content=\"https:\/\/colimbo.com\/wp-content\/uploads\/2024\/10\/Honda-BF6-1.jpg\" \/>\n\t<meta property=\"og:image:width\" content=\"1600\" \/>\n\t<meta property=\"og:image:height\" content=\"1066\" \/>\n\t<meta property=\"og:image:type\" content=\"image\/jpeg\" \/>\n<meta name=\"twitter:card\" content=\"summary_large_image\" \/>\n<meta name=\"twitter:label1\" content=\"Est. reading time\" \/>\n\t<meta name=\"twitter:data1\" content=\"1 minutua\" \/>\n<script type=\"application\/ld+json\" class=\"yoast-schema-graph\">{\"@context\":\"https:\\\/\\\/schema.org\",\"@graph\":[{\"@type\":\"WebPage\",\"@id\":\"https:\\\/\\\/colimbo.com\\\/producto\\\/motor-honda-marine-bf-6s\\\/\",\"url\":\"https:\\\/\\\/colimbo.com\\\/producto\\\/motor-honda-marine-bf-6s\\\/\",\"name\":\"Motor Honda Marine BF 6S - Nautica COLIMBO\",\"isPartOf\":{\"@id\":\"https:\\\/\\\/colimbo.com\\\/#website\"},\"primaryImageOfPage\":{\"@id\":\"https:\\\/\\\/colimbo.com\\\/producto\\\/motor-honda-marine-bf-6s\\\/#primaryimage\"},\"image\":{\"@id\":\"https:\\\/\\\/colimbo.com\\\/producto\\\/motor-honda-marine-bf-6s\\\/#primaryimage\"},\"thumbnailUrl\":\"https:\\\/\\\/colimbo.com\\\/wp-content\\\/uploads\\\/2024\\\/10\\\/Honda-BF6-1.jpg\",\"datePublished\":\"2024-10-16T14:13:48+00:00\",\"dateModified\":\"2025-10-31T08:39:14+00:00\",\"breadcrumb\":{\"@id\":\"https:\\\/\\\/colimbo.com\\\/producto\\\/motor-honda-marine-bf-6s\\\/#breadcrumb\"},\"inLanguage\":\"eu\",\"potentialAction\":[{\"@type\":\"ReadAction\",\"target\":[\"https:\\\/\\\/colimbo.com\\\/producto\\\/motor-honda-marine-bf-6s\\\/\"]}]},{\"@type\":\"ImageObject\",\"inLanguage\":\"eu\",\"@id\":\"https:\\\/\\\/colimbo.com\\\/producto\\\/motor-honda-marine-bf-6s\\\/#primaryimage\",\"url\":\"https:\\\/\\\/colimbo.com\\\/wp-content\\\/uploads\\\/2024\\\/10\\\/Honda-BF6-1.jpg\",\"contentUrl\":\"https:\\\/\\\/colimbo.com\\\/wp-content\\\/uploads\\\/2024\\\/10\\\/Honda-BF6-1.jpg\",\"width\":1600,\"height\":1066},{\"@type\":\"BreadcrumbList\",\"@id\":\"https:\\\/\\\/colimbo.com\\\/producto\\\/motor-honda-marine-bf-6s\\\/#breadcrumb\",\"itemListElement\":[{\"@type\":\"ListItem\",\"position\":1,\"name\":\"Portada\",\"item\":\"https:\\\/\\\/colimbo.com\\\/\"},{\"@type\":\"ListItem\",\"position\":2,\"name\":\"Tienda\",\"item\":\"https:\\\/\\\/colimbo.com\\\/tienda\\\/\"},{\"@type\":\"ListItem\",\"position\":3,\"name\":\"Motor Honda Marine BF 6S\"}]},{\"@type\":\"WebSite\",\"@id\":\"https:\\\/\\\/colimbo.com\\\/#website\",\"url\":\"https:\\\/\\\/colimbo.com\\\/\",\"name\":\"Nautica COLIMBO\",\"description\":\"\",\"publisher\":{\"@id\":\"https:\\\/\\\/colimbo.com\\\/#organization\"},\"potentialAction\":[{\"@type\":\"SearchAction\",\"target\":{\"@type\":\"EntryPoint\",\"urlTemplate\":\"https:\\\/\\\/colimbo.com\\\/?s={search_term_string}\"},\"query-input\":{\"@type\":\"PropertyValueSpecification\",\"valueRequired\":true,\"valueName\":\"search_term_string\"}}],\"inLanguage\":\"eu\"},{\"@type\":\"Organization\",\"@id\":\"https:\\\/\\\/colimbo.com\\\/#organization\",\"name\":\"Nautica COLIMBO\",\"url\":\"https:\\\/\\\/colimbo.com\\\/\",\"logo\":{\"@type\":\"ImageObject\",\"inLanguage\":\"eu\",\"@id\":\"https:\\\/\\\/colimbo.com\\\/#\\\/schema\\\/logo\\\/image\\\/\",\"url\":\"https:\\\/\\\/colimbo.com\\\/wp-content\\\/uploads\\\/2024\\\/10\\\/cropped-Colimbo-03.png\",\"contentUrl\":\"https:\\\/\\\/colimbo.com\\\/wp-content\\\/uploads\\\/2024\\\/10\\\/cropped-Colimbo-03.png\",\"width\":1866,\"height\":413,\"caption\":\"Nautica COLIMBO\"},\"image\":{\"@id\":\"https:\\\/\\\/colimbo.com\\\/#\\\/schema\\\/logo\\\/image\\\/\"}}]}<\/script>\n<!-- \/ Yoast SEO plugin. -->","yoast_head_json":{"title":"Motor Honda Marine BF 6S - Nautica COLIMBO","robots":{"index":"index","follow":"follow","max-snippet":"max-snippet:-1","max-image-preview":"max-image-preview:large","max-video-preview":"max-video-preview:-1"},"canonical":"https:\/\/colimbo.com\/eu\/produktua\/motor-honda-marine-bf-6s\/","og_locale":"en_US","og_type":"article","og_title":"Motor Honda Marine BF 6S - Nautica COLIMBO","og_description":"Deposito de gasolina incorporado.  Posibilidad de conexi\u00f3n a dep\u00f3sito externo.","og_url":"https:\/\/colimbo.com\/eu\/produktua\/motor-honda-marine-bf-6s\/","og_site_name":"Nautica COLIMBO","article_modified_time":"2025-10-31T08:39:14+00:00","og_image":[{"width":1600,"height":1066,"url":"https:\/\/colimbo.com\/wp-content\/uploads\/2024\/10\/Honda-BF6-1.jpg","type":"image\/jpeg"}],"twitter_card":"summary_large_image","twitter_misc":{"Est. reading time":"1 minutua"},"schema":{"@context":"https:\/\/schema.org","@graph":[{"@type":"WebPage","@id":"https:\/\/colimbo.com\/producto\/motor-honda-marine-bf-6s\/","url":"https:\/\/colimbo.com\/producto\/motor-honda-marine-bf-6s\/","name":"Motor Honda Marine BF 6S - Nautica COLIMBO","isPartOf":{"@id":"https:\/\/colimbo.com\/#website"},"primaryImageOfPage":{"@id":"https:\/\/colimbo.com\/producto\/motor-honda-marine-bf-6s\/#primaryimage"},"image":{"@id":"https:\/\/colimbo.com\/producto\/motor-honda-marine-bf-6s\/#primaryimage"},"thumbnailUrl":"https:\/\/colimbo.com\/wp-content\/uploads\/2024\/10\/Honda-BF6-1.jpg","datePublished":"2024-10-16T14:13:48+00:00","dateModified":"2025-10-31T08:39:14+00:00","breadcrumb":{"@id":"https:\/\/colimbo.com\/producto\/motor-honda-marine-bf-6s\/#breadcrumb"},"inLanguage":"eu","potentialAction":[{"@type":"ReadAction","target":["https:\/\/colimbo.com\/producto\/motor-honda-marine-bf-6s\/"]}]},{"@type":"ImageObject","inLanguage":"eu","@id":"https:\/\/colimbo.com\/producto\/motor-honda-marine-bf-6s\/#primaryimage","url":"https:\/\/colimbo.com\/wp-content\/uploads\/2024\/10\/Honda-BF6-1.jpg","contentUrl":"https:\/\/colimbo.com\/wp-content\/uploads\/2024\/10\/Honda-BF6-1.jpg","width":1600,"height":1066},{"@type":"BreadcrumbList","@id":"https:\/\/colimbo.com\/producto\/motor-honda-marine-bf-6s\/#breadcrumb","itemListElement":[{"@type":"ListItem","position":1,"name":"Portada","item":"https:\/\/colimbo.com\/"},{"@type":"ListItem","position":2,"name":"Tienda","item":"https:\/\/colimbo.com\/tienda\/"},{"@type":"ListItem","position":3,"name":"Motor Honda Marine BF 6S"}]},{"@type":"WebSite","@id":"https:\/\/colimbo.com\/#website","url":"https:\/\/colimbo.com\/","name":"Nautica COLIMBO","description":"","publisher":{"@id":"https:\/\/colimbo.com\/#organization"},"potentialAction":[{"@type":"SearchAction","target":{"@type":"EntryPoint","urlTemplate":"https:\/\/colimbo.com\/?s={search_term_string}"},"query-input":{"@type":"PropertyValueSpecification","valueRequired":true,"valueName":"search_term_string"}}],"inLanguage":"eu"},{"@type":"Organization","@id":"https:\/\/colimbo.com\/#organization","name":"Nautica COLIMBO","url":"https:\/\/colimbo.com\/","logo":{"@type":"ImageObject","inLanguage":"eu","@id":"https:\/\/colimbo.com\/#\/schema\/logo\/image\/","url":"https:\/\/colimbo.com\/wp-content\/uploads\/2024\/10\/cropped-Colimbo-03.png","contentUrl":"https:\/\/colimbo.com\/wp-content\/uploads\/2024\/10\/cropped-Colimbo-03.png","width":1866,"height":413,"caption":"Nautica COLIMBO"},"image":{"@id":"https:\/\/colimbo.com\/#\/schema\/logo\/image\/"}}]}},"_links":{"self":[{"href":"https:\/\/colimbo.com\/eu\/wp-json\/wp\/v2\/product\/397","targetHints":{"allow":["GET"]}}],"collection":[{"href":"https:\/\/colimbo.com\/eu\/wp-json\/wp\/v2\/product"}],"about":[{"href":"https:\/\/colimbo.com\/eu\/wp-json\/wp\/v2\/types\/product"}],"replies":[{"embeddable":true,"href":"https:\/\/colimbo.com\/eu\/wp-json\/wp\/v2\/comments?post=397"}],"wp:featuredmedia":[{"embeddable":true,"href":"https:\/\/colimbo.com\/eu\/wp-json\/wp\/v2\/media\/398"}],"wp:attachment":[{"href":"https:\/\/colimbo.com\/eu\/wp-json\/wp\/v2\/media?parent=397"}],"wp:term":[{"taxonomy":"product_brand","embeddable":true,"href":"https:\/\/colimbo.com\/eu\/wp-json\/wp\/v2\/product_brand?post=397"},{"taxonomy":"product_cat","embeddable":true,"href":"https:\/\/colimbo.com\/eu\/wp-json\/wp\/v2\/product_cat?post=397"},{"taxonomy":"product_tag","embeddable":true,"href":"https:\/\/colimbo.com\/eu\/wp-json\/wp\/v2\/product_tag?post=397"}],"curies":[{"name":"wp","href":"https:\/\/api.w.org\/{rel}","templated":true}]}}